{"id":7486,"date":"2023-08-14T15:50:24","date_gmt":"2023-08-14T15:50:24","guid":{"rendered":"https:\/\/dev.irf.hu\/?page_id=7486"},"modified":"2024-08-22T11:50:48","modified_gmt":"2024-08-22T11:50:48","slug":"anfrage-formular","status":"publish","type":"page","link":"https:\/\/dev.irf.hu\/en\/anfrage-formular\/","title":{"rendered":"Wie k\u00f6nnen wir Ihnen behilflich sein?"},"content":{"rendered":"<section class=\"bde-section-7486-100 bde-section\">\n  \n\t\n\n\n\n<div class=\"section-container\"><h1 class=\"bde-heading-7486-101 bde-heading\">\nWie k\u00f6nnen wir Ihnen behilflich sein?\n<\/h1><div class=\"bde-fancy-divider-7486-102 bde-fancy-divider\">\n\n\n<div class=\"bde-fancy-divider__wrapper\">\n  <div class=\"bde-fancy-divider__separator\">\n  \t  <\/div>\n<\/div>\n\n<\/div><div class=\"bde-text-7486-112 bde-text\">\nNur einige Fragen zu Ihrem Projekt, und dann k\u00f6nnen wir mit der Zusammenarbeit beginnen!\n<\/div><div class=\"bde-shortcode-7486-121 bde-shortcode\">\n[contact-form-7 id=\"44207ae\" title=\"Anfrage formular\"]\n<\/div><\/div>\n<\/section>","protected":false},"excerpt":{"rendered":"<p>Wie k\u00f6nnen wir Ihnen behilflich sein? Nur einige Fragen zu Ihrem Projekt, und dann k\u00f6nnen wir mit der Zusammenarbeit beginnen! [contact-form-7 id=&#8221;44207ae&#8221; title=&#8221;Anfrage formular&#8221;]<\/p>","protected":false},"author":4,"featured_media":0,"parent":0,"menu_order":0,"comment_status":"closed","ping_status":"closed","template":"","meta":{"_breakdance_hide_in_design_set":false,"_breakdance_tags":"","footnotes":""},"class_list":["post-7486","page","type-page","status-publish","hentry"],"yoast_head":"<!-- This site is optimized with the Yoast SEO plugin v22.5 - https:\/\/yoast.com\/wordpress\/plugins\/seo\/ -->\n<title>Wie k\u00f6nnen wir Ihnen behilflich sein? - IRF Solutions Kft.<\/title>\n<meta name=\"robots\" content=\"noindex, follow, max-snippet:-1, max-image-preview:large, max-video-preview:-1\" \/>\n<meta property=\"og:locale\" content=\"en_GB\" \/>\n<meta property=\"og:type\" content=\"article\" \/>\n<meta property=\"og:title\" content=\"Wie k\u00f6nnen wir Ihnen behilflich sein? - IRF Solutions Kft.\" \/>\n<meta property=\"og:description\" content=\"Wie k\u00f6nnen wir Ihnen behilflich sein? Nur einige Fragen zu Ihrem Projekt, und dann k\u00f6nnen wir mit der Zusammenarbeit beginnen! [contact-form-7 id=&quot;44207ae&quot; title=&quot;Anfrage formular&quot;]\" \/>\n<meta property=\"og:url\" content=\"https:\/\/dev.irf.hu\/en\/anfrage-formular\/\" \/>\n<meta property=\"og:site_name\" content=\"IRF Solutions Kft.\" \/>\n<meta property=\"article:modified_time\" content=\"2024-08-22T11:50:48+00:00\" \/>\n<meta name=\"twitter:card\" content=\"summary_large_image\" \/>\n<meta name=\"twitter:label1\" content=\"Estimated reading time\" \/>\n\t<meta name=\"twitter:data1\" content=\"1 minute\" \/>\n<script type=\"application\/ld+json\" class=\"yoast-schema-graph\">{\"@context\":\"https:\/\/schema.org\",\"@graph\":[{\"@type\":\"WebPage\",\"@id\":\"https:\/\/dev.irf.hu\/anfrage-formular\/\",\"url\":\"https:\/\/dev.irf.hu\/anfrage-formular\/\",\"name\":\"Wie k\u00f6nnen wir Ihnen behilflich sein? - IRF Solutions Kft.\",\"isPartOf\":{\"@id\":\"https:\/\/dev.irf.hu\/#website\"},\"datePublished\":\"2023-08-14T15:50:24+00:00\",\"dateModified\":\"2024-08-22T11:50:48+00:00\",\"breadcrumb\":{\"@id\":\"https:\/\/dev.irf.hu\/anfrage-formular\/#breadcrumb\"},\"inLanguage\":\"en-GB\",\"potentialAction\":[{\"@type\":\"ReadAction\",\"target\":[\"https:\/\/dev.irf.hu\/anfrage-formular\/\"]}]},{\"@type\":\"BreadcrumbList\",\"@id\":\"https:\/\/dev.irf.hu\/anfrage-formular\/#breadcrumb\",\"itemListElement\":[{\"@type\":\"ListItem\",\"position\":1,\"name\":\"Kezd\u0151lap\",\"item\":\"https:\/\/dev.irf.hu\/\"},{\"@type\":\"ListItem\",\"position\":2,\"name\":\"Wie k\u00f6nnen wir Ihnen behilflich sein?\"}]},{\"@type\":\"WebSite\",\"@id\":\"https:\/\/dev.irf.hu\/#website\",\"url\":\"https:\/\/dev.irf.hu\/\",\"name\":\"IRF Solutions Kft.\",\"description\":\"\",\"potentialAction\":[{\"@type\":\"SearchAction\",\"target\":{\"@type\":\"EntryPoint\",\"urlTemplate\":\"https:\/\/dev.irf.hu\/?s={search_term_string}\"},\"query-input\":\"required name=search_term_string\"}],\"inLanguage\":\"en-GB\"}]}<\/script>\n<!-- \/ Yoast SEO plugin. -->","yoast_head_json":{"title":"Wie k\u00f6nnen wir Ihnen behilflich sein? - IRF Solutions Kft.","robots":{"index":"noindex","follow":"follow","max-snippet":"max-snippet:-1","max-image-preview":"max-image-preview:large","max-video-preview":"max-video-preview:-1"},"og_locale":"en_GB","og_type":"article","og_title":"Wie k\u00f6nnen wir Ihnen behilflich sein? - IRF Solutions Kft.","og_description":"Wie k\u00f6nnen wir Ihnen behilflich sein? Nur einige Fragen zu Ihrem Projekt, und dann k\u00f6nnen wir mit der Zusammenarbeit beginnen! [contact-form-7 id=\"44207ae\" title=\"Anfrage formular\"]","og_url":"https:\/\/dev.irf.hu\/en\/anfrage-formular\/","og_site_name":"IRF Solutions Kft.","article_modified_time":"2024-08-22T11:50:48+00:00","twitter_card":"summary_large_image","twitter_misc":{"Estimated reading time":"1 minute"},"schema":{"@context":"https:\/\/schema.org","@graph":[{"@type":"WebPage","@id":"https:\/\/dev.irf.hu\/anfrage-formular\/","url":"https:\/\/dev.irf.hu\/anfrage-formular\/","name":"Wie k\u00f6nnen wir Ihnen behilflich sein? - IRF Solutions Kft.","isPartOf":{"@id":"https:\/\/dev.irf.hu\/#website"},"datePublished":"2023-08-14T15:50:24+00:00","dateModified":"2024-08-22T11:50:48+00:00","breadcrumb":{"@id":"https:\/\/dev.irf.hu\/anfrage-formular\/#breadcrumb"},"inLanguage":"en-GB","potentialAction":[{"@type":"ReadAction","target":["https:\/\/dev.irf.hu\/anfrage-formular\/"]}]},{"@type":"BreadcrumbList","@id":"https:\/\/dev.irf.hu\/anfrage-formular\/#breadcrumb","itemListElement":[{"@type":"ListItem","position":1,"name":"Kezd\u0151lap","item":"https:\/\/dev.irf.hu\/"},{"@type":"ListItem","position":2,"name":"Wie k\u00f6nnen wir Ihnen behilflich sein?"}]},{"@type":"WebSite","@id":"https:\/\/dev.irf.hu\/#website","url":"https:\/\/dev.irf.hu\/","name":"IRF Solutions Kft.","description":"","potentialAction":[{"@type":"SearchAction","target":{"@type":"EntryPoint","urlTemplate":"https:\/\/dev.irf.hu\/?s={search_term_string}"},"query-input":"required name=search_term_string"}],"inLanguage":"en-GB"}]}},"_links":{"self":[{"href":"https:\/\/dev.irf.hu\/en\/wp-json\/wp\/v2\/pages\/7486","targetHints":{"allow":["GET"]}}],"collection":[{"href":"https:\/\/dev.irf.hu\/en\/wp-json\/wp\/v2\/pages"}],"about":[{"href":"https:\/\/dev.irf.hu\/en\/wp-json\/wp\/v2\/types\/page"}],"author":[{"embeddable":true,"href":"https:\/\/dev.irf.hu\/en\/wp-json\/wp\/v2\/users\/4"}],"replies":[{"embeddable":true,"href":"https:\/\/dev.irf.hu\/en\/wp-json\/wp\/v2\/comments?post=7486"}],"version-history":[{"count":3,"href":"https:\/\/dev.irf.hu\/en\/wp-json\/wp\/v2\/pages\/7486\/revisions"}],"predecessor-version":[{"id":7490,"href":"https:\/\/dev.irf.hu\/en\/wp-json\/wp\/v2\/pages\/7486\/revisions\/7490"}],"wp:attachment":[{"href":"https:\/\/dev.irf.hu\/en\/wp-json\/wp\/v2\/media?parent=7486"}],"curies":[{"name":"wp","href":"https:\/\/api.w.org\/{rel}","templated":true}]}}