{"id":6517,"date":"2023-08-14T16:01:23","date_gmt":"2023-08-14T16:01:23","guid":{"rendered":"https:\/\/dev.irf.hu\/?page_id=6517"},"modified":"2023-09-22T16:07:49","modified_gmt":"2023-09-22T16:07:49","slug":"cegunkrol","status":"publish","type":"page","link":"https:\/\/dev.irf.hu\/en\/cegunkrol\/","title":{"rendered":"About us"},"content":{"rendered":"<section class=\"bde-section-6517-272 bde-section\">\n              \n  \n\t\n\n  <div class=\"section-background-overlay\"><\/div>\n\n\n<div class=\"section-container\"><\/div>\n<\/section><section class=\"bde-section-6517-258 bde-section\">\n              \n  \n\t\n\n  <div class=\"section-background-overlay\"><\/div>\n\n\n<div class=\"section-container\"><div class=\"bde-columns-6517-259 bde-columns\"><div class=\"bde-column-6517-267 bde-column\">\n  \n\t\n\n\n\n<h1 class=\"bde-heading-6517-103 bde-heading\">\nAbout us\n<\/h1><div class=\"bde-fancy-divider-6517-104 bde-fancy-divider\">\n\n\n<div class=\"bde-fancy-divider__wrapper\">\n  <div class=\"bde-fancy-divider__separator\">\n  \t  <\/div>\n<\/div>\n\n<\/div><div class=\"bde-text-6517-105 bde-text\">\nLend\u00fcletes csapatunk olyan fejleszt\u0151c\u00e9get alkot, mely 30 \u00e9ves fejleszt\u00e9si tapasztalattal b\u00fcszk\u00e9lkedhet<br>\n<\/div><div class=\"bde-div-6517-269 bde-div\">\n  \n\t\n\n\n\n<div class=\"bde-button-6517-270 bde-button\">\n    \n                                    \n    \n    \n    \n    \n            \n                    \n            \n            \n\n    \n    \n    \n    \n    <a class=\"breakdance-link button-atom button-atom--custom bde-button__button\" href=\"https:\/\/dev.irf.hu\/en\/ajanlatkeres\/\" target=\"_self\" data-type=\"url\"  >\n\n    \n        <span class=\"button-atom__text\">KAPCSOLATFELV\u00c9TEL<\/span>\n\n        \n        \n                <\/a>\n\n    \n\n\n<\/div><div class=\"bde-button-6517-271 bde-button\">\n    \n                                    \n    \n    \n    \n    \n            \n                    \n            \n            \n\n    \n    \n    \n    \n    <a class=\"breakdance-link button-atom button-atom--custom bde-button__button\" href=\"https:\/\/dev.irf.hu\/en\/contact\/\" target=\"_self\" data-type=\"url\"  >\n\n    \n        <span class=\"button-atom__text\">Contact<\/span>\n\n        \n        \n                <\/a>\n\n    \n\n\n<\/div>\n<\/div>\n<\/div><div class=\"bde-column-6517-268 bde-column\">\n  \n\t\n\n\n\n\n<\/div><\/div><\/div>\n<\/section><section class=\"bde-section-6517-112 bde-section\">\n  \n\t\n\n\n\n<div class=\"section-container\"><div class=\"bde-columns-6517-115 bde-columns\"><div class=\"bde-column-6517-116 bde-column\">\n  \n\t\n\n\n\n<h1 class=\"bde-heading-6517-199 bde-heading\">\nWorld OOH sz\u00f6vets\u00e9g tags\u00e1g\n<\/h1><h1 class=\"bde-heading-6517-201 bde-heading\">\n\u00daj sz\u00e9khely a V\u00e1ci \u00fati irodafolyos\u00f3n\n<\/h1><h1 class=\"bde-heading-6517-203 bde-heading\">\nAz MKB P\u00e9nzt\u00e1rakt\u00f3l megb\u00edz\u00e1st kapunk reszponz\u00edv weboldalak tervez\u00e9s\u00e9re, fejleszt\u00e9s\u00e9re\n<\/h1><h1 class=\"bde-heading-6517-204 bde-heading\">\nIndul a nyugd\u00edjp\u00e9nzt\u00e1ri digitaliz\u00e1ci\u00f3s megold\u00e1sok fejleszt\u00e9se\t\n<\/h1><h1 class=\"bde-heading-6517-205 bde-heading\">\nBel\u00e9p\u00fcnk a BME m\u00e9rn\u00f6kinformatikus gyakornoki progamba \t\n<\/h1><h1 class=\"bde-heading-6517-206 bde-heading\">\nB\u00e9csi fi\u00f3kiroda megnyit\u00e1sa\n<\/h1><h1 class=\"bde-heading-6517-208 bde-heading\">\nAz ING Nyugd\u00edjp\u00e9nzt\u00e1rak \u00e1tt\u00e9rnek az INGRID haszn\u00e1lat\u00e1ra\t\n<\/h1><h1 class=\"bde-heading-6517-209 bde-heading\">\nAz Ingrid 500.000 p\u00e9nzt\u00e1rtag, 500mrd forint vagyon\u00e1t kezeli\t\n<\/h1><h1 class=\"bde-heading-6517-210 bde-heading\">\nAz Ingrid Medall Eg\u00e9szs\u00e9gp\u00e9nzt\u00e1ri rendszer indul\u00e1sa\n<\/h1><h1 class=\"bde-heading-6517-211 bde-heading\">\nIRF iroda nyit\u00e1sa a Buda Business Centerben\n<\/h1><h1 class=\"bde-heading-6517-213 bde-heading\">\nA Winterthur Nyugd\u00edjp\u00e9nzt\u00e1rak \u00e1tt\u00e9rnek az INGRID haszn\u00e1lat\u00e1ra\t\n<\/h1><h1 class=\"bde-heading-6517-215 bde-heading\">\nNagyg\u00e9pes VAX-VMS \u00fcgyviteli rendszerek fejleszt\u00e9se a Westel R\u00e1di\u00f3telefon Kft r\u00e9sz\u00e9re\t\n<\/h1>\n<\/div><div class=\"bde-column-6517-117 bde-column\">\n  \n\t\n\n\n\n<div class=\"bde-image-6517-119 bde-image\">\n  \n\n\n\n\n\n<figure class=\"breakdance-image breakdance-image--6737\">\n\t<div class=\"breakdance-image-container\">\n\t\t<div class=\"breakdance-image-clip\">\n\t\t\t\n\t\t\t\t\n\t\t\t\t\t      \n  \n  \n  \n  \n      \n      <img loading=\"lazy\" decoding=\"async\"\n      class=\"breakdance-image-object\"\n      src=\"https:\/\/dev.irf.hu\/wp-content\/uploads\/2023\/08\/weblap_timeline.png\"\n      width=\"1294\"\n      height=\"19463\"\n      \n      \n                                      sizes=\"auto, (max-width: 1294px) 100vw, 1294px\"\n                  >\n  \n\n\t\t\t\t\t\n\t\t\t\t\t\t<\/div>\n\t<\/div>\n\n\t<\/figure>\n\n<\/div><h1 class=\"bde-heading-6517-216 bde-heading\">\nC\u00e9galap\u00edt\u00e1s\n<\/h1><h1 class=\"bde-heading-6517-217 bde-heading\">\n1994.06.15\n<\/h1>\n<\/div><div class=\"bde-column-6517-118 bde-column\">\n  \n\t\n\n\n\n<h1 class=\"bde-heading-6517-180 bde-heading\">\nAz Allianz P\u00e9nzt\u00e1rak az IRF digitaliz\u00e1ci\u00f3s megold\u00e1sait v\u00e1lasztj\u00e1k\t\n<\/h1><h1 class=\"bde-heading-6517-182 bde-heading\">\nTelep\u00edtj\u00fck az els\u0151 Programmatic Digital Out Of Home kamp\u00e1nyt a JCDecaux besz\u00e1ll\u00edt\u00f3jak\u00e9nt\t\n<\/h1><h1 class=\"bde-heading-6517-184 bde-heading\">\nElind\u00edtjuk az RVC n\u00e9z\u0151sz\u00e1ml\u00e1l\u00f3 projekt fejleszt\u00e9s\u00e9t\t\n<\/h1><h1 class=\"bde-heading-6517-185 bde-heading\">\n100%ban digitaliz\u00e1ljuk a munkav\u00e9gz\u00e9s\u00e9t\n<\/h1><h1 class=\"bde-heading-6517-186 bde-heading\">\nElind\u00edtjuk Headlines Board protot\u00edpus fejleszt\u00e9st\n<\/h1><h1 class=\"bde-heading-6517-189 bde-heading\">\nPartneri egy\u00fcttm\u0171k\u00f6d\u00e9s kezd\u0151dik a b\u00e9csi FWI Grouppal\t\n<\/h1><h1 class=\"bde-heading-6517-190 bde-heading\">\nVeszpr\u00e9mi telephely megnyit\u00e1sa\n<\/h1><h1 class=\"bde-heading-6517-191 bde-heading\">\nGanz utcai sz\u00e9khely megnyit\u00e1sa\n<\/h1><h1 class=\"bde-heading-6517-192 bde-heading\">\nAz IRF fejleszt\u0151csapata el\u00e9ri a 25 f\u0151t\n<\/h1><h1 class=\"bde-heading-6517-193 bde-heading\">\nElind\u00edtjuk az els\u0151 Webalkalmaz\u00e1sokat, J2EE platformon\n<\/h1><h1 class=\"bde-heading-6517-195 bde-heading\">\nAz UNIQA Nyugd\u00edjp\u00e9nzt\u00e1rak \u00e1tt\u00e9rnek az INGRID haszn\u00e1lat\u00e1ra\t\n<\/h1><h1 class=\"bde-heading-6517-196 bde-heading\">\nElind\u00edtjuk az INGRID mag\u00e1nnyugd\u00edjp\u00e9nzt\u00e1ri rendszert\n<\/h1><h1 class=\"bde-heading-6517-197 bde-heading\">\nKifejlesztj\u00fck az Ingrid Nyugd\u00edjp\u00e9nzt\u00e1r Rendszer els\u0151 verzi\u00f3j\u00e1t\n<\/h1>\n<\/div><\/div><\/div>\n<\/section><section class=\"bde-section-6517-146 bde-section\">\n  \n\t\n\n\n\n<div class=\"section-container\"><div class=\"bde-columns-6517-148 bde-columns\"><div class=\"bde-column-6517-149 bde-column\">\n  \n\t\n\n\n\n<div class=\"bde-image-6517-151 bde-image\">\n  \n\n\n\n\n\n<figure class=\"breakdance-image breakdance-image--6738\">\n\t<div class=\"breakdance-image-container\">\n\t\t<div class=\"breakdance-image-clip\">\n\t\t\t\n\t\t\t\t\n\t\t\t\t\t      \n  \n  \n  \n  \n      \n      <img loading=\"lazy\" decoding=\"async\"\n      class=\"breakdance-image-object\"\n      src=\"https:\/\/dev.irf.hu\/wp-content\/uploads\/2023\/08\/mobil_weblap_timeline-1.png\"\n      width=\"716\"\n      height=\"22681\"\n      \n      \n                                      sizes=\"auto, (max-width: 716px) 100vw, 716px\"\n                  >\n  \n\n\t\t\t\t\t\n\t\t\t\t\t\t<\/div>\n\t<\/div>\n\n\t<\/figure>\n\n<\/div>\n<\/div><div class=\"bde-column-6517-150 bde-column\">\n  \n\t\n\n\n\n<h1 class=\"bde-heading-6517-219 bde-heading\">\nWorld OOH sz\u00f6vets\u00e9g tags\u00e1g\n<\/h1><h1 class=\"bde-heading-6517-221 bde-heading\">\nAz Allianz P\u00e9nzt\u00e1rak az IRF digitaliz\u00e1ci\u00f3s megold\u00e1sait v\u00e1lasztj\u00e1k\t\n<\/h1><h1 class=\"bde-heading-6517-223 bde-heading\">\n\u00daj sz\u00e9khely a V\u00e1ci \u00fati irodafolyos\u00f3n\n<\/h1><h1 class=\"bde-heading-6517-225 bde-heading\">\nTelep\u00edtj\u00fck az els\u0151 Programmatic Digital Out Of Home kamp\u00e1nyt a JCDecaux besz\u00e1ll\u00edt\u00f3jak\u00e9nt\t\n<\/h1><h1 class=\"bde-heading-6517-228 bde-heading\">\nElind\u00edtjuk az RVC n\u00e9z\u0151sz\u00e1ml\u00e1l\u00f3 projekt fejleszt\u00e9s\u00e9t\t\n<\/h1><h1 class=\"bde-heading-6517-230 bde-heading\">\nAz MKB P\u00e9nzt\u00e1rakt\u00f3l megb\u00edz\u00e1st kapunk reszponz\u00edv weboldalak tervez\u00e9s\u00e9re, fejleszt\u00e9s\u00e9re\n<\/h1><h1 class=\"bde-heading-6517-231 bde-heading\">\n100%ban digitaliz\u00e1ljuk a munkav\u00e9gz\u00e9s\u00e9t\n<\/h1><h1 class=\"bde-heading-6517-232 bde-heading\">\nIndul a nyugd\u00edjp\u00e9nzt\u00e1ri digitaliz\u00e1ci\u00f3s megold\u00e1sok fejleszt\u00e9se\t\n<\/h1><h1 class=\"bde-heading-6517-234 bde-heading\">\nElind\u00edtjuk Headlines Board protot\u00edpus fejleszt\u00e9st\n<\/h1><h1 class=\"bde-heading-6517-235 bde-heading\">\nBel\u00e9p\u00fcnk a BME m\u00e9rn\u00f6kinformatikus gyakornoki progamba \t\n<\/h1><h1 class=\"bde-heading-6517-237 bde-heading\">\nPartneri egy\u00fcttm\u0171k\u00f6d\u00e9s kezd\u0151dik a b\u00e9csi FWI Grouppal\t\n<\/h1><h1 class=\"bde-heading-6517-238 bde-heading\">\nB\u00e9csi fi\u00f3kiroda megnyit\u00e1sa\n<\/h1><h1 class=\"bde-heading-6517-239 bde-heading\">\nVeszpr\u00e9mi telephely megnyit\u00e1sa\n<\/h1><h1 class=\"bde-heading-6517-240 bde-heading\">\nGanz utcai sz\u00e9khely megnyit\u00e1sa\n<\/h1><h1 class=\"bde-heading-6517-242 bde-heading\">\nAz ING Nyugd\u00edjp\u00e9nzt\u00e1rak \u00e1tt\u00e9rnek az INGRID haszn\u00e1lat\u00e1ra\t\n<\/h1><h1 class=\"bde-heading-6517-243 bde-heading\">\nAz IRF fejleszt\u0151csapata el\u00e9ri a 25 f\u0151t\n<\/h1><h1 class=\"bde-heading-6517-244 bde-heading\">\nAz Ingrid 500.000 p\u00e9nzt\u00e1rtag, 500mrd forint vagyon\u00e1t kezeli\t\n<\/h1><h1 class=\"bde-heading-6517-245 bde-heading\">\nElind\u00edtjuk az els\u0151 Webalkalmaz\u00e1sokat, J2EE platformon\n<\/h1><h1 class=\"bde-heading-6517-246 bde-heading\">\nAz Ingrid Medall Eg\u00e9szs\u00e9gp\u00e9nzt\u00e1ri rendszer indul\u00e1sa\n<\/h1><h1 class=\"bde-heading-6517-248 bde-heading\">\nAz UNIQA Nyugd\u00edjp\u00e9nzt\u00e1rak \u00e1tt\u00e9rnek az INGRID haszn\u00e1lat\u00e1ra\t\n<\/h1><h1 class=\"bde-heading-6517-249 bde-heading\">\nIRF iroda nyit\u00e1sa a Buda Business Centerben\n<\/h1><h1 class=\"bde-heading-6517-251 bde-heading\">\nA Winterthur Nyugd\u00edjp\u00e9nzt\u00e1rak \u00e1tt\u00e9rnek az INGRID haszn\u00e1lat\u00e1ra\t\n<\/h1><h1 class=\"bde-heading-6517-252 bde-heading\">\nElind\u00edtjuk az INGRID mag\u00e1nnyugd\u00edjp\u00e9nzt\u00e1ri rendszert\n<\/h1><h1 class=\"bde-heading-6517-253 bde-heading\">\nKifejlesztj\u00fck az Ingrid Nyugd\u00edjp\u00e9nzt\u00e1r Rendszer els\u0151 verzi\u00f3j\u00e1t\n<\/h1><h1 class=\"bde-heading-6517-255 bde-heading\">\nNagyg\u00e9pes VAX-VMS \u00fcgyviteli rendszerek fejleszt\u00e9se a Westel R\u00e1di\u00f3telefon Kft r\u00e9sz\u00e9re\t\n<\/h1><h1 class=\"bde-heading-6517-256 bde-heading\">\nC\u00e9galap\u00edt\u00e1s\n<\/h1><h1 class=\"bde-heading-6517-257 bde-heading\">\n1994.06.15\n<\/h1>\n<\/div><\/div><\/div>\n<\/section>","protected":false},"excerpt":{"rendered":"<p>C\u00e9g\u00fcnkr\u0151l Lend\u00fcletes csapatunk olyan fejleszt\u0151c\u00e9get alkot, mely 30 \u00e9ves fejleszt\u00e9si tapasztalattal b\u00fcszk\u00e9lkedhet KAPCSOLATFELV\u00c9TEL El\u00e9rhet\u0151s\u00e9geink World OOH sz\u00f6vets\u00e9g tags\u00e1g \u00daj sz\u00e9khely a V\u00e1ci \u00fati irodafolyos\u00f3n Az MKB P\u00e9nzt\u00e1rakt\u00f3l megb\u00edz\u00e1st kapunk reszponz\u00edv weboldalak tervez\u00e9s\u00e9re, fejleszt\u00e9s\u00e9re Indul a nyugd\u00edjp\u00e9nzt\u00e1ri digitaliz\u00e1ci\u00f3s megold\u00e1sok fejleszt\u00e9se Bel\u00e9p\u00fcnk a BME m\u00e9rn\u00f6kinformatikus gyakornoki progamba B\u00e9csi fi\u00f3kiroda megnyit\u00e1sa Az ING Nyugd\u00edjp\u00e9nzt\u00e1rak \u00e1tt\u00e9rnek az INGRID haszn\u00e1lat\u00e1ra [&hellip;]<\/p>","protected":false},"author":1,"featured_media":0,"parent":0,"menu_order":0,"comment_status":"closed","ping_status":"closed","template":"","meta":{"_breakdance_hide_in_design_set":false,"_breakdance_tags":"","footnotes":""},"class_list":["post-6517","page","type-page","status-publish","hentry"],"yoast_head":"<!-- This site is optimized with the Yoast SEO plugin v22.5 - https:\/\/yoast.com\/wordpress\/plugins\/seo\/ -->\n<title>C\u00e9g\u00fcnkr\u0151l - IRF Solutions Kft.<\/title>\n<meta name=\"robots\" content=\"noindex, follow, max-snippet:-1, max-image-preview:large, max-video-preview:-1\" \/>\n<meta property=\"og:locale\" content=\"en_GB\" \/>\n<meta property=\"og:type\" content=\"article\" \/>\n<meta property=\"og:title\" content=\"C\u00e9g\u00fcnkr\u0151l - IRF Solutions Kft.\" \/>\n<meta property=\"og:description\" content=\"C\u00e9g\u00fcnkr\u0151l Lend\u00fcletes csapatunk olyan fejleszt\u0151c\u00e9get alkot, mely 30 \u00e9ves fejleszt\u00e9si tapasztalattal b\u00fcszk\u00e9lkedhet KAPCSOLATFELV\u00c9TEL El\u00e9rhet\u0151s\u00e9geink World OOH sz\u00f6vets\u00e9g tags\u00e1g \u00daj sz\u00e9khely a V\u00e1ci \u00fati irodafolyos\u00f3n Az MKB P\u00e9nzt\u00e1rakt\u00f3l megb\u00edz\u00e1st kapunk reszponz\u00edv weboldalak tervez\u00e9s\u00e9re, fejleszt\u00e9s\u00e9re Indul a nyugd\u00edjp\u00e9nzt\u00e1ri digitaliz\u00e1ci\u00f3s megold\u00e1sok fejleszt\u00e9se Bel\u00e9p\u00fcnk a BME m\u00e9rn\u00f6kinformatikus gyakornoki progamba B\u00e9csi fi\u00f3kiroda megnyit\u00e1sa Az ING Nyugd\u00edjp\u00e9nzt\u00e1rak \u00e1tt\u00e9rnek az INGRID haszn\u00e1lat\u00e1ra [&hellip;]\" \/>\n<meta property=\"og:url\" content=\"https:\/\/dev.irf.hu\/en\/cegunkrol\/\" \/>\n<meta property=\"og:site_name\" content=\"IRF Solutions Kft.\" \/>\n<meta property=\"article:modified_time\" content=\"2023-09-22T16:07:49+00:00\" \/>\n<meta name=\"twitter:card\" content=\"summary_large_image\" \/>\n<script type=\"application\/ld+json\" class=\"yoast-schema-graph\">{\"@context\":\"https:\/\/schema.org\",\"@graph\":[{\"@type\":\"WebPage\",\"@id\":\"https:\/\/dev.irf.hu\/cegunkrol\/\",\"url\":\"https:\/\/dev.irf.hu\/cegunkrol\/\",\"name\":\"C\u00e9g\u00fcnkr\u0151l - IRF Solutions Kft.\",\"isPartOf\":{\"@id\":\"https:\/\/dev.irf.hu\/#website\"},\"datePublished\":\"2023-08-14T16:01:23+00:00\",\"dateModified\":\"2023-09-22T16:07:49+00:00\",\"breadcrumb\":{\"@id\":\"https:\/\/dev.irf.hu\/cegunkrol\/#breadcrumb\"},\"inLanguage\":\"en-GB\",\"potentialAction\":[{\"@type\":\"ReadAction\",\"target\":[\"https:\/\/dev.irf.hu\/cegunkrol\/\"]}]},{\"@type\":\"BreadcrumbList\",\"@id\":\"https:\/\/dev.irf.hu\/cegunkrol\/#breadcrumb\",\"itemListElement\":[{\"@type\":\"ListItem\",\"position\":1,\"name\":\"Kezd\u0151lap\",\"item\":\"https:\/\/dev.irf.hu\/\"},{\"@type\":\"ListItem\",\"position\":2,\"name\":\"C\u00e9g\u00fcnkr\u0151l\"}]},{\"@type\":\"WebSite\",\"@id\":\"https:\/\/dev.irf.hu\/#website\",\"url\":\"https:\/\/dev.irf.hu\/\",\"name\":\"IRF Solutions Kft.\",\"description\":\"\",\"potentialAction\":[{\"@type\":\"SearchAction\",\"target\":{\"@type\":\"EntryPoint\",\"urlTemplate\":\"https:\/\/dev.irf.hu\/?s={search_term_string}\"},\"query-input\":\"required name=search_term_string\"}],\"inLanguage\":\"en-GB\"}]}<\/script>\n<!-- \/ Yoast SEO plugin. -->","yoast_head_json":{"title":"C\u00e9g\u00fcnkr\u0151l - IRF Solutions Kft.","robots":{"index":"noindex","follow":"follow","max-snippet":"max-snippet:-1","max-image-preview":"max-image-preview:large","max-video-preview":"max-video-preview:-1"},"og_locale":"en_GB","og_type":"article","og_title":"C\u00e9g\u00fcnkr\u0151l - IRF Solutions Kft.","og_description":"C\u00e9g\u00fcnkr\u0151l Lend\u00fcletes csapatunk olyan fejleszt\u0151c\u00e9get alkot, mely 30 \u00e9ves fejleszt\u00e9si tapasztalattal b\u00fcszk\u00e9lkedhet KAPCSOLATFELV\u00c9TEL El\u00e9rhet\u0151s\u00e9geink World OOH sz\u00f6vets\u00e9g tags\u00e1g \u00daj sz\u00e9khely a V\u00e1ci \u00fati irodafolyos\u00f3n Az MKB P\u00e9nzt\u00e1rakt\u00f3l megb\u00edz\u00e1st kapunk reszponz\u00edv weboldalak tervez\u00e9s\u00e9re, fejleszt\u00e9s\u00e9re Indul a nyugd\u00edjp\u00e9nzt\u00e1ri digitaliz\u00e1ci\u00f3s megold\u00e1sok fejleszt\u00e9se Bel\u00e9p\u00fcnk a BME m\u00e9rn\u00f6kinformatikus gyakornoki progamba B\u00e9csi fi\u00f3kiroda megnyit\u00e1sa Az ING Nyugd\u00edjp\u00e9nzt\u00e1rak \u00e1tt\u00e9rnek az INGRID haszn\u00e1lat\u00e1ra [&hellip;]","og_url":"https:\/\/dev.irf.hu\/en\/cegunkrol\/","og_site_name":"IRF Solutions Kft.","article_modified_time":"2023-09-22T16:07:49+00:00","twitter_card":"summary_large_image","schema":{"@context":"https:\/\/schema.org","@graph":[{"@type":"WebPage","@id":"https:\/\/dev.irf.hu\/cegunkrol\/","url":"https:\/\/dev.irf.hu\/cegunkrol\/","name":"C\u00e9g\u00fcnkr\u0151l - IRF Solutions Kft.","isPartOf":{"@id":"https:\/\/dev.irf.hu\/#website"},"datePublished":"2023-08-14T16:01:23+00:00","dateModified":"2023-09-22T16:07:49+00:00","breadcrumb":{"@id":"https:\/\/dev.irf.hu\/cegunkrol\/#breadcrumb"},"inLanguage":"en-GB","potentialAction":[{"@type":"ReadAction","target":["https:\/\/dev.irf.hu\/cegunkrol\/"]}]},{"@type":"BreadcrumbList","@id":"https:\/\/dev.irf.hu\/cegunkrol\/#breadcrumb","itemListElement":[{"@type":"ListItem","position":1,"name":"Kezd\u0151lap","item":"https:\/\/dev.irf.hu\/"},{"@type":"ListItem","position":2,"name":"C\u00e9g\u00fcnkr\u0151l"}]},{"@type":"WebSite","@id":"https:\/\/dev.irf.hu\/#website","url":"https:\/\/dev.irf.hu\/","name":"IRF Solutions Kft.","description":"","potentialAction":[{"@type":"SearchAction","target":{"@type":"EntryPoint","urlTemplate":"https:\/\/dev.irf.hu\/?s={search_term_string}"},"query-input":"required name=search_term_string"}],"inLanguage":"en-GB"}]}},"_links":{"self":[{"href":"https:\/\/dev.irf.hu\/en\/wp-json\/wp\/v2\/pages\/6517","targetHints":{"allow":["GET"]}}],"collection":[{"href":"https:\/\/dev.irf.hu\/en\/wp-json\/wp\/v2\/pages"}],"about":[{"href":"https:\/\/dev.irf.hu\/en\/wp-json\/wp\/v2\/types\/page"}],"author":[{"embeddable":true,"href":"https:\/\/dev.irf.hu\/en\/wp-json\/wp\/v2\/users\/1"}],"replies":[{"embeddable":true,"href":"https:\/\/dev.irf.hu\/en\/wp-json\/wp\/v2\/comments?post=6517"}],"version-history":[{"count":102,"href":"https:\/\/dev.irf.hu\/en\/wp-json\/wp\/v2\/pages\/6517\/revisions"}],"predecessor-version":[{"id":7357,"href":"https:\/\/dev.irf.hu\/en\/wp-json\/wp\/v2\/pages\/6517\/revisions\/7357"}],"wp:attachment":[{"href":"https:\/\/dev.irf.hu\/en\/wp-json\/wp\/v2\/media?parent=6517"}],"curies":[{"name":"wp","href":"https:\/\/api.w.org\/{rel}","templated":true}]}}