{"id":6510,"date":"2023-08-14T15:50:24","date_gmt":"2023-08-14T15:50:24","guid":{"rendered":"https:\/\/dev.irf.hu\/?page_id=6510"},"modified":"2023-09-14T16:47:47","modified_gmt":"2023-09-14T16:47:47","slug":"ajanlatkeres","status":"publish","type":"page","link":"https:\/\/dev.irf.hu\/en\/ajanlatkeres\/","title":{"rendered":"Aj\u00e1nlatk\u00e9r\u00e9s"},"content":{"rendered":"<section class=\"bde-section-6510-100 bde-section\">\n  \n\t\n\n\n\n<div class=\"section-container\"><h1 class=\"bde-heading-6510-101 bde-heading\">\nMiben lehet\u00fcnk a seg\u00edts\u00e9gedre?\t\t<br>\n<\/h1><div class=\"bde-fancy-divider-6510-102 bde-fancy-divider\">\n\n\n<div class=\"bde-fancy-divider__wrapper\">\n  <div class=\"bde-fancy-divider__separator\">\n  \t  <\/div>\n<\/div>\n\n<\/div><div class=\"bde-text-6510-112 bde-text\">\nCsak n\u00e9h\u00e1ny k\u00e9rd\u00e9s a projekteddel kapcsolatban, \u00e9s m\u00e1r kezdhetj\u00fck is a k\u00f6z\u00f6s munk\u00e1t! <br>\n<\/div><div class=\"bde-shortcode-6510-121 bde-shortcode\">\n[contact-form-7 id=\"6e24104\" title=\"Aj\u00e1nlatk\u00e9r\u00e9s\"]\n<\/div><\/div>\n<\/section>","protected":false},"excerpt":{"rendered":"<p>Miben lehet\u00fcnk a seg\u00edts\u00e9gedre? Csak n\u00e9h\u00e1ny k\u00e9rd\u00e9s a projekteddel kapcsolatban, \u00e9s m\u00e1r kezdhetj\u00fck is a k\u00f6z\u00f6s munk\u00e1t! [contact-form-7 id=&#8221;6e24104&#8243; title=&#8221;Aj\u00e1nlatk\u00e9r\u00e9s&#8221;]<\/p>","protected":false},"author":1,"featured_media":0,"parent":0,"menu_order":0,"comment_status":"closed","ping_status":"closed","template":"","meta":{"_breakdance_hide_in_design_set":false,"_breakdance_tags":"","footnotes":""},"class_list":["post-6510","page","type-page","status-publish","hentry"],"yoast_head":"<!-- This site is optimized with the Yoast SEO plugin v22.5 - https:\/\/yoast.com\/wordpress\/plugins\/seo\/ -->\n<title>Aj\u00e1nlatk\u00e9r\u00e9s - IRF Solutions Kft.<\/title>\n<meta name=\"robots\" content=\"noindex, follow, max-snippet:-1, max-image-preview:large, max-video-preview:-1\" \/>\n<meta property=\"og:locale\" content=\"en_GB\" \/>\n<meta property=\"og:type\" content=\"article\" \/>\n<meta property=\"og:title\" content=\"Aj\u00e1nlatk\u00e9r\u00e9s - IRF Solutions Kft.\" \/>\n<meta property=\"og:description\" content=\"Miben lehet\u00fcnk a seg\u00edts\u00e9gedre? Csak n\u00e9h\u00e1ny k\u00e9rd\u00e9s a projekteddel kapcsolatban, \u00e9s m\u00e1r kezdhetj\u00fck is a k\u00f6z\u00f6s munk\u00e1t! [contact-form-7 id=&quot;6e24104&quot; title=&quot;Aj\u00e1nlatk\u00e9r\u00e9s&quot;]\" \/>\n<meta property=\"og:url\" content=\"https:\/\/dev.irf.hu\/en\/ajanlatkeres\/\" \/>\n<meta property=\"og:site_name\" content=\"IRF Solutions Kft.\" \/>\n<meta property=\"article:modified_time\" content=\"2023-09-14T16:47:47+00:00\" \/>\n<meta name=\"twitter:card\" content=\"summary_large_image\" \/>\n<script type=\"application\/ld+json\" class=\"yoast-schema-graph\">{\"@context\":\"https:\/\/schema.org\",\"@graph\":[{\"@type\":\"WebPage\",\"@id\":\"https:\/\/dev.irf.hu\/ajanlatkeres\/\",\"url\":\"https:\/\/dev.irf.hu\/ajanlatkeres\/\",\"name\":\"Aj\u00e1nlatk\u00e9r\u00e9s - IRF Solutions Kft.\",\"isPartOf\":{\"@id\":\"https:\/\/dev.irf.hu\/#website\"},\"datePublished\":\"2023-08-14T15:50:24+00:00\",\"dateModified\":\"2023-09-14T16:47:47+00:00\",\"breadcrumb\":{\"@id\":\"https:\/\/dev.irf.hu\/ajanlatkeres\/#breadcrumb\"},\"inLanguage\":\"en-GB\",\"potentialAction\":[{\"@type\":\"ReadAction\",\"target\":[\"https:\/\/dev.irf.hu\/ajanlatkeres\/\"]}]},{\"@type\":\"BreadcrumbList\",\"@id\":\"https:\/\/dev.irf.hu\/ajanlatkeres\/#breadcrumb\",\"itemListElement\":[{\"@type\":\"ListItem\",\"position\":1,\"name\":\"Kezd\u0151lap\",\"item\":\"https:\/\/dev.irf.hu\/\"},{\"@type\":\"ListItem\",\"position\":2,\"name\":\"Aj\u00e1nlatk\u00e9r\u00e9s\"}]},{\"@type\":\"WebSite\",\"@id\":\"https:\/\/dev.irf.hu\/#website\",\"url\":\"https:\/\/dev.irf.hu\/\",\"name\":\"IRF Solutions Kft.\",\"description\":\"\",\"potentialAction\":[{\"@type\":\"SearchAction\",\"target\":{\"@type\":\"EntryPoint\",\"urlTemplate\":\"https:\/\/dev.irf.hu\/?s={search_term_string}\"},\"query-input\":\"required name=search_term_string\"}],\"inLanguage\":\"en-GB\"}]}<\/script>\n<!-- \/ Yoast SEO plugin. -->","yoast_head_json":{"title":"Aj\u00e1nlatk\u00e9r\u00e9s - IRF Solutions Kft.","robots":{"index":"noindex","follow":"follow","max-snippet":"max-snippet:-1","max-image-preview":"max-image-preview:large","max-video-preview":"max-video-preview:-1"},"og_locale":"en_GB","og_type":"article","og_title":"Aj\u00e1nlatk\u00e9r\u00e9s - IRF Solutions Kft.","og_description":"Miben lehet\u00fcnk a seg\u00edts\u00e9gedre? Csak n\u00e9h\u00e1ny k\u00e9rd\u00e9s a projekteddel kapcsolatban, \u00e9s m\u00e1r kezdhetj\u00fck is a k\u00f6z\u00f6s munk\u00e1t! [contact-form-7 id=\"6e24104\" title=\"Aj\u00e1nlatk\u00e9r\u00e9s\"]","og_url":"https:\/\/dev.irf.hu\/en\/ajanlatkeres\/","og_site_name":"IRF Solutions Kft.","article_modified_time":"2023-09-14T16:47:47+00:00","twitter_card":"summary_large_image","schema":{"@context":"https:\/\/schema.org","@graph":[{"@type":"WebPage","@id":"https:\/\/dev.irf.hu\/ajanlatkeres\/","url":"https:\/\/dev.irf.hu\/ajanlatkeres\/","name":"Aj\u00e1nlatk\u00e9r\u00e9s - IRF Solutions Kft.","isPartOf":{"@id":"https:\/\/dev.irf.hu\/#website"},"datePublished":"2023-08-14T15:50:24+00:00","dateModified":"2023-09-14T16:47:47+00:00","breadcrumb":{"@id":"https:\/\/dev.irf.hu\/ajanlatkeres\/#breadcrumb"},"inLanguage":"en-GB","potentialAction":[{"@type":"ReadAction","target":["https:\/\/dev.irf.hu\/ajanlatkeres\/"]}]},{"@type":"BreadcrumbList","@id":"https:\/\/dev.irf.hu\/ajanlatkeres\/#breadcrumb","itemListElement":[{"@type":"ListItem","position":1,"name":"Kezd\u0151lap","item":"https:\/\/dev.irf.hu\/"},{"@type":"ListItem","position":2,"name":"Aj\u00e1nlatk\u00e9r\u00e9s"}]},{"@type":"WebSite","@id":"https:\/\/dev.irf.hu\/#website","url":"https:\/\/dev.irf.hu\/","name":"IRF Solutions Kft.","description":"","potentialAction":[{"@type":"SearchAction","target":{"@type":"EntryPoint","urlTemplate":"https:\/\/dev.irf.hu\/?s={search_term_string}"},"query-input":"required name=search_term_string"}],"inLanguage":"en-GB"}]}},"_links":{"self":[{"href":"https:\/\/dev.irf.hu\/en\/wp-json\/wp\/v2\/pages\/6510","targetHints":{"allow":["GET"]}}],"collection":[{"href":"https:\/\/dev.irf.hu\/en\/wp-json\/wp\/v2\/pages"}],"about":[{"href":"https:\/\/dev.irf.hu\/en\/wp-json\/wp\/v2\/types\/page"}],"author":[{"embeddable":true,"href":"https:\/\/dev.irf.hu\/en\/wp-json\/wp\/v2\/users\/1"}],"replies":[{"embeddable":true,"href":"https:\/\/dev.irf.hu\/en\/wp-json\/wp\/v2\/comments?post=6510"}],"version-history":[{"count":16,"href":"https:\/\/dev.irf.hu\/en\/wp-json\/wp\/v2\/pages\/6510\/revisions"}],"predecessor-version":[{"id":7177,"href":"https:\/\/dev.irf.hu\/en\/wp-json\/wp\/v2\/pages\/6510\/revisions\/7177"}],"wp:attachment":[{"href":"https:\/\/dev.irf.hu\/en\/wp-json\/wp\/v2\/media?parent=6510"}],"curies":[{"name":"wp","href":"https:\/\/api.w.org\/{rel}","templated":true}]}}