{"id":104,"date":"2022-04-21T15:47:49","date_gmt":"2022-04-21T15:47:49","guid":{"rendered":"https:\/\/dev.irf.hu\/?page_id=104"},"modified":"2023-09-21T17:35:07","modified_gmt":"2023-09-21T17:35:07","slug":"kapcsolat","status":"publish","type":"page","link":"https:\/\/dev.irf.hu\/en\/contact\/","title":{"rendered":"Contact"},"content":{"rendered":"<section class=\"bde-section-104-100 bde-section\">\n              \n  \n\t\n\n  <div class=\"section-background-overlay\"><\/div>\n\n\n<div class=\"section-container\"><div class=\"bde-columns-104-101 bde-columns\"><div class=\"bde-column-104-102 bde-column\">\n  \n\t\n\n\n\n<h1 class=\"bde-heading-104-103 bde-heading\">\nVedd fel vel\u00fcnk a kapcsolatot!\t<br>\n<\/h1><div class=\"bde-text-104-105 bde-text\">\nAmennyiben k\u00e9sz megold\u00e1saink nem fedik le az ig\u00e9nyeket, egyedi fejleszt\u00e9si projektet ind\u00edtunk!\t<br>\n<\/div>\n<\/div><\/div><div class=\"bde-div-104-106 bde-div\">\n  \n\t\n\n\n\n<div class=\"bde-button-104-107 bde-button\">\n    \n                                    \n    \n    \n    \n    \n            \n                    \n            \n            \n\n    \n    \n    \n    \n    <a class=\"breakdance-link button-atom button-atom--custom bde-button__button\" href=\"https:\/\/dev.irf.hu\/en\/ajanlatkeres\/\" target=\"_self\" data-type=\"url\"  >\n\n    \n        <span class=\"button-atom__text\">K\u00e9rj aj\u00e1nlatot!<\/span>\n\n        \n        \n                <\/a>\n\n    \n\n\n<\/div><div class=\"bde-image-box-104-128 bde-image-box\">\n<div class=\"ee-imagebox-image\">\n        \n  \n  \n  \n  \n      \n      <img loading=\"lazy\" decoding=\"async\"\n      class=\"breakdance-image-object\"\n      src=\"https:\/\/dev.irf.hu\/wp-content\/uploads\/2023\/08\/irf-phone.png\"\n      width=\"48\"\n      height=\"48\"\n      \n      \n                        srcset=\"https:\/\/dev.irf.hu\/wp-content\/uploads\/2023\/08\/irf-phone.png 48w, https:\/\/dev.irf.hu\/wp-content\/uploads\/2023\/08\/irf-phone-12x12.png 12w\"\n                                sizes=\"auto, (max-width: 48px) 100vw, 48px\"\n                  >\n  \n<\/div>\n<div class=\"ee-imagebox-content\">\n      <h3 class=\"ee-imagebox-title\" >Telefon:<\/h3>\n    \n      <div class=\"ee-imagebox-text\" >+36 1 408 6262<\/div>\n    \n  <\/div>\n\n<\/div>\n<\/div><\/div>\n<\/section><section class=\"bde-section-104-112 bde-section\">\n  \n\t\n\n\n\n<div class=\"section-container\"><div class=\"bde-image-box-104-113 bde-image-box\">\n<div class=\"ee-imagebox-image\">\n        \n  \n  \n  \n  \n      \n      <img loading=\"lazy\" decoding=\"async\"\n      class=\"breakdance-image-object\"\n      src=\"https:\/\/dev.irf.hu\/wp-content\/uploads\/2023\/08\/kapcsolat-icon-01.png\"\n      width=\"160\"\n      height=\"160\"\n      \n      \n                        srcset=\"https:\/\/dev.irf.hu\/wp-content\/uploads\/2023\/08\/kapcsolat-icon-01.png 160w, https:\/\/dev.irf.hu\/wp-content\/uploads\/2023\/08\/kapcsolat-icon-01-150x150.png 150w, https:\/\/dev.irf.hu\/wp-content\/uploads\/2023\/08\/kapcsolat-icon-01-12x12.png 12w\"\n                                sizes=\"auto, (max-width: 160px) 100vw, 160px\"\n                  >\n  \n<\/div>\n<div class=\"ee-imagebox-content\">\n      <h3 class=\"ee-imagebox-title\" >Rugalmas er\u0151forr\u00e1s-b\u0151v\u00edt\u00e9si lehet\u0151s\u00e9gek<\/h3>\n    \n      <div class=\"ee-imagebox-text\" >Szolg\u00e1ltat\u00e1sunk a t\u00f6k\u00e9letes megold\u00e1s v\u00e1llalatok sz\u00e1m\u00e1ra, amelyek ideiglenesen vagy tart\u00f3san szeretn\u00e9nek szak\u00e9rt\u0151i er\u0151forr\u00e1sokat b\u0151v\u00edteni vagy kieg\u00e9sz\u00edteni saj\u00e1t csapatukban. Az IRF Solutions tapasztalt \u00e9s elismert szakemberekb\u0151l \u00e1ll\u00f3 csapata k\u00e9pes azonnal bekapcsol\u00f3dni a megl\u00e9v\u0151 projektjeibe, \u00e9s \u00e9rt\u00e9ket teremteni az\u00e1ltal, hogy \u00faj szak\u00e9rtelemmel, technikai ismeretekkel \u00e9s friss perspekt\u00edv\u00e1kkal j\u00e1rulnak hozz\u00e1 a fejleszt\u00e9si folyamathoz.<\/div>\n    \n  <\/div>\n\n<\/div><div class=\"bde-image-box-104-114 bde-image-box\">\n<div class=\"ee-imagebox-image\">\n        \n  \n  \n  \n  \n      \n      <img loading=\"lazy\" decoding=\"async\"\n      class=\"breakdance-image-object\"\n      src=\"https:\/\/dev.irf.hu\/wp-content\/uploads\/2023\/08\/kapcsolat-icon-02.png\"\n      width=\"160\"\n      height=\"160\"\n      \n      \n                        srcset=\"https:\/\/dev.irf.hu\/wp-content\/uploads\/2023\/08\/kapcsolat-icon-02.png 160w, https:\/\/dev.irf.hu\/wp-content\/uploads\/2023\/08\/kapcsolat-icon-02-150x150.png 150w, https:\/\/dev.irf.hu\/wp-content\/uploads\/2023\/08\/kapcsolat-icon-02-12x12.png 12w\"\n                                sizes=\"auto, (max-width: 160px) 100vw, 160px\"\n                  >\n  \n<\/div>\n<div class=\"ee-imagebox-content\">\n      <h3 class=\"ee-imagebox-title\" >Testreszabott megold\u00e1sok<\/h3>\n    \n      <div class=\"ee-imagebox-text\" >Legyen sz\u00f3 egyetlen szak\u00e9rt\u0151r\u0151l vagy komplett csapatr\u00f3l, mi a te ig\u00e9nyeidnek \u00e9s k\u00f6lts\u00e9gvet\u00e9sednek megfelel\u0151en alak\u00edtjuk ki az egy\u00fcttm\u0171k\u00f6d\u00e9st. A szakembereink hozz\u00e1adott \u00e9rt\u00e9ket hoznak a projektedhez, gyors\u00edtj\u00e1k a term\u00e9kfejleszt\u00e9st, \u00e9s k\u00f6zben cs\u00f6kkentik a kock\u00e1zatokat \u00e9s a k\u00f6lts\u00e9geket. Az IRF Solutions mindent megtesz, hogy a legmagasabb szint\u0171 szak\u00e9rtelemmel \u00e9s professzionalizmussal \u00e1lljon a rendelkez\u00e9sedre.\t\t<\/div>\n    \n  <\/div>\n\n<\/div><\/div>\n<\/section><section class=\"bde-section-104-116 bde-section\">\n  \n\t\n\n\n\n<div class=\"section-container\"><h3 class=\"bde-heading-104-117 bde-heading\">\nIrod\u00e1ink\n<\/h3><div class=\"bde-fancy-divider-104-118 bde-fancy-divider\">\n\n\n<div class=\"bde-fancy-divider__wrapper\">\n  <div class=\"bde-fancy-divider__separator\">\n  \t  <\/div>\n<\/div>\n\n<\/div><div class=\"bde-columns-104-119 bde-columns\"><div class=\"bde-column-104-120 bde-column\">\n  \n\t\n\n\n\n<h3 class=\"bde-heading-104-124 bde-heading\">\nHungary, Budapest\n<\/h3><div class=\"bde-rich-text-104-125 bde-rich-text breakdance-rich-text-styles\">\n<p>IRF Solutions Kft.<br>1135 Budapest, Angyalf\u00f6ldi \u00fat 25.<br>+36 1 408 6262<\/p>\n<\/div><div class=\"bde-google-map-104-122 bde-google-map\">\n\r\n<iframe width=\"100%\" height=\"100%\" style=\"border:0\" loading=\"lazy\" src=\"https:\/\/maps.google.com\/maps?q=1134+Budapest%2C+Angyalf%C3%B6ldi+%C3%BAt+25.&t=m&z=14&output=embed&iwloc=near\" allowfullscreen><\/iframe>\n\n<\/div>\n<\/div><div class=\"bde-column-104-121 bde-column\">\n  \n\t\n\n\n\n<h3 class=\"bde-heading-104-126 bde-heading\">\nHungary, Veszpr\u00e9m\n<\/h3><div class=\"bde-rich-text-104-127 bde-rich-text breakdance-rich-text-styles\">\n<p>IRF Solutions Kft.<br>8200 Veszpr\u00e9m, Csererdei u. 23.<br>+36 20 323 2644<\/p>\n<\/div><div class=\"bde-google-map-104-123 bde-google-map\">\n\r\n<iframe width=\"100%\" height=\"100%\" style=\"border:0\" loading=\"lazy\" src=\"https:\/\/maps.google.com\/maps?q=8200+Veszpr%C3%A9m%2C+Csererdei+u.+23.&t=m&z=14&output=embed&iwloc=near\" allowfullscreen><\/iframe>\n\n<\/div>\n<\/div><\/div><\/div>\n<\/section>","protected":false},"excerpt":{"rendered":"<p>Vedd fel vel\u00fcnk a kapcsolatot! Amennyiben k\u00e9sz megold\u00e1saink nem fedik le az ig\u00e9nyeket, egyedi fejleszt\u00e9si projektet ind\u00edtunk! K\u00e9rj aj\u00e1nlatot! Telefon: +36 1 408 6262 Rugalmas er\u0151forr\u00e1s-b\u0151v\u00edt\u00e9si lehet\u0151s\u00e9gek Szolg\u00e1ltat\u00e1sunk a t\u00f6k\u00e9letes megold\u00e1s v\u00e1llalatok sz\u00e1m\u00e1ra, amelyek ideiglenesen vagy tart\u00f3san szeretn\u00e9nek szak\u00e9rt\u0151i er\u0151forr\u00e1sokat b\u0151v\u00edteni vagy kieg\u00e9sz\u00edteni saj\u00e1t csapatukban. Az IRF Solutions tapasztalt \u00e9s elismert szakemberekb\u0151l \u00e1ll\u00f3 csapata k\u00e9pes [&hellip;]<\/p>","protected":false},"author":1,"featured_media":0,"parent":0,"menu_order":0,"comment_status":"closed","ping_status":"closed","template":"","meta":{"_breakdance_hide_in_design_set":false,"_breakdance_tags":"","footnotes":""},"class_list":["post-104","page","type-page","status-publish","hentry"],"yoast_head":"<!-- This site is optimized with the Yoast SEO plugin v22.5 - https:\/\/yoast.com\/wordpress\/plugins\/seo\/ -->\n<title>Kapcsolat - IRF Solutions Kft.<\/title>\n<meta name=\"robots\" content=\"noindex, nofollow\" \/>\n<meta property=\"og:locale\" content=\"en_GB\" \/>\n<meta property=\"og:type\" content=\"article\" \/>\n<meta property=\"og:title\" content=\"Kapcsolat - IRF Solutions Kft.\" \/>\n<meta property=\"og:description\" content=\"Vedd fel vel\u00fcnk a kapcsolatot! Amennyiben k\u00e9sz megold\u00e1saink nem fedik le az ig\u00e9nyeket, egyedi fejleszt\u00e9si projektet ind\u00edtunk! K\u00e9rj aj\u00e1nlatot! Telefon: +36 1 408 6262 Rugalmas er\u0151forr\u00e1s-b\u0151v\u00edt\u00e9si lehet\u0151s\u00e9gek Szolg\u00e1ltat\u00e1sunk a t\u00f6k\u00e9letes megold\u00e1s v\u00e1llalatok sz\u00e1m\u00e1ra, amelyek ideiglenesen vagy tart\u00f3san szeretn\u00e9nek szak\u00e9rt\u0151i er\u0151forr\u00e1sokat b\u0151v\u00edteni vagy kieg\u00e9sz\u00edteni saj\u00e1t csapatukban. Az IRF Solutions tapasztalt \u00e9s elismert szakemberekb\u0151l \u00e1ll\u00f3 csapata k\u00e9pes [&hellip;]\" \/>\n<meta property=\"og:url\" content=\"https:\/\/dev.irf.hu\/en\/contact\/\" \/>\n<meta property=\"og:site_name\" content=\"IRF Solutions Kft.\" \/>\n<meta property=\"article:modified_time\" content=\"2023-09-21T17:35:07+00:00\" \/>\n<meta name=\"twitter:card\" content=\"summary_large_image\" \/>\n<meta name=\"twitter:label1\" content=\"Estimated reading time\" \/>\n\t<meta name=\"twitter:data1\" content=\"5 minutes\" \/>\n<script type=\"application\/ld+json\" class=\"yoast-schema-graph\">{\"@context\":\"https:\/\/schema.org\",\"@graph\":[{\"@type\":\"WebPage\",\"@id\":\"https:\/\/dev.irf.hu\/kapcsolat\/\",\"url\":\"https:\/\/dev.irf.hu\/kapcsolat\/\",\"name\":\"Kapcsolat - IRF Solutions Kft.\",\"isPartOf\":{\"@id\":\"https:\/\/dev.irf.hu\/#website\"},\"datePublished\":\"2022-04-21T15:47:49+00:00\",\"dateModified\":\"2023-09-21T17:35:07+00:00\",\"breadcrumb\":{\"@id\":\"https:\/\/dev.irf.hu\/kapcsolat\/#breadcrumb\"},\"inLanguage\":\"en-GB\",\"potentialAction\":[{\"@type\":\"ReadAction\",\"target\":[\"https:\/\/dev.irf.hu\/kapcsolat\/\"]}]},{\"@type\":\"BreadcrumbList\",\"@id\":\"https:\/\/dev.irf.hu\/kapcsolat\/#breadcrumb\",\"itemListElement\":[{\"@type\":\"ListItem\",\"position\":1,\"name\":\"Kezd\u0151lap\",\"item\":\"https:\/\/dev.irf.hu\/\"},{\"@type\":\"ListItem\",\"position\":2,\"name\":\"Kapcsolat\"}]},{\"@type\":\"WebSite\",\"@id\":\"https:\/\/dev.irf.hu\/#website\",\"url\":\"https:\/\/dev.irf.hu\/\",\"name\":\"IRF Solutions Kft.\",\"description\":\"\",\"potentialAction\":[{\"@type\":\"SearchAction\",\"target\":{\"@type\":\"EntryPoint\",\"urlTemplate\":\"https:\/\/dev.irf.hu\/?s={search_term_string}\"},\"query-input\":\"required name=search_term_string\"}],\"inLanguage\":\"en-GB\"}]}<\/script>\n<!-- \/ Yoast SEO plugin. -->","yoast_head_json":{"title":"Kapcsolat - IRF Solutions Kft.","robots":{"index":"noindex","follow":"nofollow"},"og_locale":"en_GB","og_type":"article","og_title":"Kapcsolat - IRF Solutions Kft.","og_description":"Vedd fel vel\u00fcnk a kapcsolatot! Amennyiben k\u00e9sz megold\u00e1saink nem fedik le az ig\u00e9nyeket, egyedi fejleszt\u00e9si projektet ind\u00edtunk! K\u00e9rj aj\u00e1nlatot! Telefon: +36 1 408 6262 Rugalmas er\u0151forr\u00e1s-b\u0151v\u00edt\u00e9si lehet\u0151s\u00e9gek Szolg\u00e1ltat\u00e1sunk a t\u00f6k\u00e9letes megold\u00e1s v\u00e1llalatok sz\u00e1m\u00e1ra, amelyek ideiglenesen vagy tart\u00f3san szeretn\u00e9nek szak\u00e9rt\u0151i er\u0151forr\u00e1sokat b\u0151v\u00edteni vagy kieg\u00e9sz\u00edteni saj\u00e1t csapatukban. Az IRF Solutions tapasztalt \u00e9s elismert szakemberekb\u0151l \u00e1ll\u00f3 csapata k\u00e9pes [&hellip;]","og_url":"https:\/\/dev.irf.hu\/en\/contact\/","og_site_name":"IRF Solutions Kft.","article_modified_time":"2023-09-21T17:35:07+00:00","twitter_card":"summary_large_image","twitter_misc":{"Estimated reading time":"5 minutes"},"schema":{"@context":"https:\/\/schema.org","@graph":[{"@type":"WebPage","@id":"https:\/\/dev.irf.hu\/kapcsolat\/","url":"https:\/\/dev.irf.hu\/kapcsolat\/","name":"Kapcsolat - IRF Solutions Kft.","isPartOf":{"@id":"https:\/\/dev.irf.hu\/#website"},"datePublished":"2022-04-21T15:47:49+00:00","dateModified":"2023-09-21T17:35:07+00:00","breadcrumb":{"@id":"https:\/\/dev.irf.hu\/kapcsolat\/#breadcrumb"},"inLanguage":"en-GB","potentialAction":[{"@type":"ReadAction","target":["https:\/\/dev.irf.hu\/kapcsolat\/"]}]},{"@type":"BreadcrumbList","@id":"https:\/\/dev.irf.hu\/kapcsolat\/#breadcrumb","itemListElement":[{"@type":"ListItem","position":1,"name":"Kezd\u0151lap","item":"https:\/\/dev.irf.hu\/"},{"@type":"ListItem","position":2,"name":"Kapcsolat"}]},{"@type":"WebSite","@id":"https:\/\/dev.irf.hu\/#website","url":"https:\/\/dev.irf.hu\/","name":"IRF Solutions Kft.","description":"","potentialAction":[{"@type":"SearchAction","target":{"@type":"EntryPoint","urlTemplate":"https:\/\/dev.irf.hu\/?s={search_term_string}"},"query-input":"required name=search_term_string"}],"inLanguage":"en-GB"}]}},"_links":{"self":[{"href":"https:\/\/dev.irf.hu\/en\/wp-json\/wp\/v2\/pages\/104","targetHints":{"allow":["GET"]}}],"collection":[{"href":"https:\/\/dev.irf.hu\/en\/wp-json\/wp\/v2\/pages"}],"about":[{"href":"https:\/\/dev.irf.hu\/en\/wp-json\/wp\/v2\/types\/page"}],"author":[{"embeddable":true,"href":"https:\/\/dev.irf.hu\/en\/wp-json\/wp\/v2\/users\/1"}],"replies":[{"embeddable":true,"href":"https:\/\/dev.irf.hu\/en\/wp-json\/wp\/v2\/comments?post=104"}],"version-history":[{"count":36,"href":"https:\/\/dev.irf.hu\/en\/wp-json\/wp\/v2\/pages\/104\/revisions"}],"predecessor-version":[{"id":7315,"href":"https:\/\/dev.irf.hu\/en\/wp-json\/wp\/v2\/pages\/104\/revisions\/7315"}],"wp:attachment":[{"href":"https:\/\/dev.irf.hu\/en\/wp-json\/wp\/v2\/media?parent=104"}],"curies":[{"name":"wp","href":"https:\/\/api.w.org\/{rel}","templated":true}]}}